{"id":22,"date":"2008-11-15T19:28:35","date_gmt":"2008-11-15T18:28:35","guid":{"rendered":"http:\/\/www.neutrophilum.de\/kunden\/thiessen\/?page_id=22"},"modified":"2025-02-05T11:42:55","modified_gmt":"2025-02-05T10:42:55","slug":"willkommen","status":"publish","type":"page","link":"https:\/\/www.mass-schneider-rhein-main.de\/","title":{"rendered":"Die Innung"},"content":{"rendered":"<h2>Wer wir sind<\/h2>\n<p>Die Ma\u00dfschneider-Innung Rhein-Main ist die Interessenvertretung selbst\u00e4ndiger Damen- und Herrenma\u00dfschneider\/innen in der Rhein-Main-Region. Ihre Aufgabe ist es, sich um die Belange der Mitglieder und des Schneider-Handwerks im Allgemeinen zu k\u00fcmmern, Nachwuchs zu f\u00f6rdern, die Zukunft des Handwerks zu gestalten und Traditionen zu bewahren.<\/p>\n<p>Wenn Sie auf der Suche nach einer Schneiderei f\u00fcr Ihr ein Lieblingsst\u00fcck sind, werden Sie in unserem Bereich f\u00fcr <a href=\"https:\/\/www.mass-schneider-rhein-main.de\/?cat=3\">Mitglieder<\/a> f\u00fcndig.<\/p>\n<p>Wenn Sie auf der Suche nach einer Ausbildungsstelle sind oder Fragen zur Ausbildung haben, k\u00f6nnen Sie sich <a href=\"https:\/\/www.mass-schneider-rhein-main.de\/?page_id=39\">hier<\/a> weiter informieren.<\/p>\n<p>Weitere Fragen beantworten wir Ihnen gerne <a href=\"https:\/\/www.mass-schneider-rhein-main.de\/?page_id=64\">per Mail oder telefonisch<\/a>.<\/p>\n<h2>&nbsp;<\/h2>\n<h2>Neuigkeiten<\/h2>\n<p>Alles rund um den Kreativ-Wettbewerb finden Sie <a href=\"https:\/\/www.mass-schneider-rhein-main.de\/?page_id=2170\">hier<\/a><\/p>\n<p>&nbsp;<\/p>\n<p><a href=\"https:\/\/www.mass-schneider-rhein-main.de\/?page_id=2796\">Hier<\/a> k\u00f6nnt ihr unseren Newsletter abonnieren.<\/p>\n<p>Alle Videos zum Kreativwettbewerb findet ihr auf unserem <a href=\"https:\/\/www.youtube.com\/channel\/UCCKsHuct8-PyURx7KGCtN7A\/videos\" target=\"_blank\" rel=\"noopener\">YouTube-Kanal<\/a>.<\/p>\n<p>&nbsp;<\/p>\n\n\n<p><\/p>\n\n\n\n<h2 class=\"wp-block-heading\">Organisation<\/h2>\n\n\n\n<p>Die Ma\u00dfschneider-Innung ist \u00fcber den <a href=\"http:\/\/www.mass-schneider-hessen.de\/\">Landesverband des Ma\u00dfschneider-Handwerks Hessen<\/a> Mitglied im <a rel=\"noreferrer noopener\" href=\"http:\/\/www.bundesverband-mass-schneider.de\/\" target=\"_blank\">Bundesverband des Ma\u00dfschneider-Handwerks<\/a>.<\/p>\n","protected":false},"excerpt":{"rendered":"<p>Wer wir sind Die Ma\u00dfschneider-Innung Rhein-Main ist die Interessenvertretung selbst\u00e4ndiger Damen- und Herrenma\u00dfschneider\/innen in der Rhein-Main-Region. Ihre Aufgabe ist es, sich um die Belange der Mitglieder und des Schneider-Handwerks im Allgemeinen zu k\u00fcmmern, Nachwuchs zu f\u00f6rdern, die Zukunft des Handwerks zu gestalten und Traditionen zu bewahren. Wenn Sie auf der Suche nach einer Schneiderei f\u00fcr [&hellip;]<\/p>\n","protected":false},"author":1,"featured_media":0,"parent":0,"menu_order":0,"comment_status":"open","ping_status":"open","template":"","meta":{"ngg_post_thumbnail":0,"footnotes":""},"class_list":["post-22","page","type-page","status-publish","hentry"],"_links":{"self":[{"href":"https:\/\/www.mass-schneider-rhein-main.de\/index.php?rest_route=\/wp\/v2\/pages\/22","targetHints":{"allow":["GET"]}}],"collection":[{"href":"https:\/\/www.mass-schneider-rhein-main.de\/index.php?rest_route=\/wp\/v2\/pages"}],"about":[{"href":"https:\/\/www.mass-schneider-rhein-main.de\/index.php?rest_route=\/wp\/v2\/types\/page"}],"author":[{"embeddable":true,"href":"https:\/\/www.mass-schneider-rhein-main.de\/index.php?rest_route=\/wp\/v2\/users\/1"}],"replies":[{"embeddable":true,"href":"https:\/\/www.mass-schneider-rhein-main.de\/index.php?rest_route=%2Fwp%2Fv2%2Fcomments&post=22"}],"version-history":[{"count":116,"href":"https:\/\/www.mass-schneider-rhein-main.de\/index.php?rest_route=\/wp\/v2\/pages\/22\/revisions"}],"predecessor-version":[{"id":3187,"href":"https:\/\/www.mass-schneider-rhein-main.de\/index.php?rest_route=\/wp\/v2\/pages\/22\/revisions\/3187"}],"wp:attachment":[{"href":"https:\/\/www.mass-schneider-rhein-main.de\/index.php?rest_route=%2Fwp%2Fv2%2Fmedia&parent=22"}],"curies":[{"name":"wp","href":"https:\/\/api.w.org\/{rel}","templated":true}]}}