{"id":444,"date":"2009-02-12T00:14:27","date_gmt":"2009-02-11T23:14:27","guid":{"rendered":"http:\/\/www.neutrophilum.de\/kunden\/thiessen\/?page_id=444"},"modified":"2022-01-20T08:25:17","modified_gmt":"2022-01-20T07:25:17","slug":"impressum-2","status":"publish","type":"page","link":"https:\/\/www.mass-schneider-rhein-main.de\/?page_id=444","title":{"rendered":"Impressum"},"content":{"rendered":"<p>Verantwortlich f\u00fcr den Inhalt:<\/p>\n<p>Ma\u00dfschneider-Innung, Rhein-Main Kd\u00f6R<a title=\"thiessen@mass-schneider-frankfurt-main.de\" href=\"mailto:thiessen@mass-schneider-frankfurt-main.de\"><br \/>\n<\/a><\/p>\n<p>Vetreten durch: Gesch\u00e4ftsf\u00fchrer Roland Thie\u00dfen<\/p>\n<p><a title=\"thiessen@mass-schneider-frankfurt-main.de\" href=\"mailto:thiessen@mass-schneider-frankfurt-main.de\">thiessen@mass-schneider-rhein-main.de<\/a><\/p>\n<p>Bleichstra\u00dfe 38a<br \/>\n60313 Frankfurt am Main<\/p>\n<p>Telefon: 069 \u2013 20 384<br \/>\nTelefax: 069 \u2013 92 870 200<\/p>\n<h2>Haftungsausschluss<\/h2>\n<h6>Wir sind bem\u00fcht, die unsere Internetseiten st\u00e4ndig zu aktualisieren, dennoch weisen wir darauf, dass eine Haftung oder Garantie f\u00fcr Richtigkeit, Vollst\u00e4ndigkeit und Aktualit\u00e4t der zur Verf\u00fcgung gestellten Daten nicht \u00fcbernommen werden kann. Sofern mittels Links auf andere Websites verwiesen wird, versichern wir, dass wir die unterliegen Inhalte einmalig \u00fcberpr\u00fcft haben, jedoch keine Kontrolle dar\u00fcber haben. Wir machen uns daher diese ausdr\u00fccklich nicht zu eigen.Die Informationen auf dieser Website d\u00fcrfen nur mit unserer Zustimmung vervielf\u00e4ltigt werden.<\/h6>\n<p style=\"text-align: left;\">&nbsp;<\/p>\n<h6>Gestaltung: <a href=\"http:\/\/www.neutrophilum.de\/\" target=\"_blank\" rel=\"noopener\">Christian Lerch<\/a><\/h6>\n<h6>Wir danken folgenden K\u00fcnstlern f\u00fcr die Fotos\/Bilder:<\/h6>\n<h6><a href=\"https:\/\/www.mein-kreativhaus.de\/?mobile=1\">Cornelia Feller<\/a><\/h6>\n<h6>Markus Schneider, Wiesbaden<\/h6>\n<h6>Dr. Uwe Nauland, Karben<\/h6>\n<h6>Benny V\u00f6gler, Frankfurt am Main<\/h6>\n<h6>Gerhard Christ, Frankfurt am Main<\/h6>\n","protected":false},"excerpt":{"rendered":"<p>Verantwortlich f\u00fcr den Inhalt: Ma\u00dfschneider-Innung, Rhein-Main Kd\u00f6R Vetreten durch: Gesch\u00e4ftsf\u00fchrer Roland Thie\u00dfen thiessen@mass-schneider-rhein-main.de Bleichstra\u00dfe 38a 60313 Frankfurt am Main Telefon: 069 \u2013 20 384 Telefax: 069 \u2013 92 870 200 Haftungsausschluss Wir sind bem\u00fcht, die unsere Internetseiten st\u00e4ndig zu aktualisieren, dennoch weisen wir darauf, dass eine Haftung oder Garantie f\u00fcr Richtigkeit, Vollst\u00e4ndigkeit und Aktualit\u00e4t der [&hellip;]<\/p>\n","protected":false},"author":1,"featured_media":0,"parent":0,"menu_order":0,"comment_status":"open","ping_status":"open","template":"","meta":{"ngg_post_thumbnail":0,"footnotes":""},"class_list":["post-444","page","type-page","status-publish","hentry"],"_links":{"self":[{"href":"https:\/\/www.mass-schneider-rhein-main.de\/index.php?rest_route=\/wp\/v2\/pages\/444","targetHints":{"allow":["GET"]}}],"collection":[{"href":"https:\/\/www.mass-schneider-rhein-main.de\/index.php?rest_route=\/wp\/v2\/pages"}],"about":[{"href":"https:\/\/www.mass-schneider-rhein-main.de\/index.php?rest_route=\/wp\/v2\/types\/page"}],"author":[{"embeddable":true,"href":"https:\/\/www.mass-schneider-rhein-main.de\/index.php?rest_route=\/wp\/v2\/users\/1"}],"replies":[{"embeddable":true,"href":"https:\/\/www.mass-schneider-rhein-main.de\/index.php?rest_route=%2Fwp%2Fv2%2Fcomments&post=444"}],"version-history":[{"count":28,"href":"https:\/\/www.mass-schneider-rhein-main.de\/index.php?rest_route=\/wp\/v2\/pages\/444\/revisions"}],"predecessor-version":[{"id":2746,"href":"https:\/\/www.mass-schneider-rhein-main.de\/index.php?rest_route=\/wp\/v2\/pages\/444\/revisions\/2746"}],"wp:attachment":[{"href":"https:\/\/www.mass-schneider-rhein-main.de\/index.php?rest_route=%2Fwp%2Fv2%2Fmedia&parent=444"}],"curies":[{"name":"wp","href":"https:\/\/api.w.org\/{rel}","templated":true}]}}