{"id":64,"date":"2008-11-19T23:50:30","date_gmt":"2008-11-19T22:50:30","guid":{"rendered":"http:\/\/www.neutrophilum.de\/kunden\/thiessen\/?page_id=64"},"modified":"2026-02-28T13:02:01","modified_gmt":"2026-02-28T12:02:01","slug":"kontakt","status":"publish","type":"page","link":"https:\/\/www.mass-schneider-rhein-main.de\/?page_id=64","title":{"rendered":"Kontakt"},"content":{"rendered":"\n<p>Ma\u00dfschneider-Innung Rhein-Main<br>Bleichstra\u00dfe 38a<br>60313 Frankfurt am Main<\/p>\n\n\n\n<p>Telefon: 069 \u2013 20 384 <br>E-Mail: <a href=\"mailto:info@mass-schneider-rhein-main.de\">info@mass-schneider-rhein-main.de<\/a><\/p>\n\n\n\n<p>F\u00fcr Belange des <strong>Kreativ-Wettbewerbs<\/strong> (au\u00dfer Kartenbestellung):<br>0151 54131675<br>E-Mail: <a href=\"mailto:kreativ@mass-schneider-rhein-main.de\">kreativ@mass-schneider-rhein-main.de<\/a><\/p>\n\n\n\n<h4 class=\"wp-block-heading\"><br>Obermeisterin<\/h4>\n\n\n\n<p>Heike Rahusen-Marsch<br><a href=\"mailto:Modestudio-HR@t-online.de\">Modestudio-HR@t-online.de<\/a><br><\/p>\n\n\n\n<h4 class=\"wp-block-heading\">Gesch\u00e4ftsf\u00fchrer<\/h4>\n\n\n\n<p>Roland Thie\u00dfen<br><a href=\"mailto:thiessen@mass-schneider-frankfurt-main.de\">thiessen@mass-schneider-frankfurt-main.de<\/a><\/p>\n\n\n\n<h4 class=\"wp-block-heading\">Stellvertretende Obermeisterin<\/h4>\n\n\n\n<p>Korinna Bennecker<br><a href=\"mailto:korinna@bennecker.de\">korinna@bennecker.de<\/a><br><a href=\"http:\/\/neider-frankfurt.com\" data-type=\"URL\" data-id=\"neider-frankfurt.com\">www.massschneider-frankfurt.com<\/a><\/p>\n\n\n\n<p><\/p>\n\n\n\n<h2 class=\"wp-block-heading\">Newsletter f\u00fcr Belange der Schneider<\/h2>\n\n\n\n<p>In unregelm\u00e4\u00dfigen Abst\u00e4nden erhalten Sie Informationen zu Stellenangeboten deutschlandweit, Ausstellungen, Veranstaltungen, Verk\u00e4ufen von Maschinen und vieles mehr.<br>Tragen Sie hier Ihre Mail-Adresse ein, um k\u00fcnftig den Newsletter zu erhalten.<\/p>\n\n\n\n<div class=\"wp-block-contact-form-7-contact-form-selector\">\n<div class=\"wpcf7 no-js\" id=\"wpcf7-f2786-o1\" lang=\"de-DE\" dir=\"ltr\" data-wpcf7-id=\"2786\">\n<div class=\"screen-reader-response\"><p role=\"status\" aria-live=\"polite\" aria-atomic=\"true\"><\/p> <ul><\/ul><\/div>\n<form action=\"\/index.php?rest_route=%2Fwp%2Fv2%2Fpages%2F64#wpcf7-f2786-o1\" method=\"post\" class=\"wpcf7-form init\" aria-label=\"Kontaktformular\" novalidate=\"novalidate\" data-status=\"init\">\n<fieldset class=\"hidden-fields-container\"><input type=\"hidden\" name=\"_wpcf7\" value=\"2786\" \/><input type=\"hidden\" name=\"_wpcf7_version\" value=\"6.1.5\" \/><input type=\"hidden\" name=\"_wpcf7_locale\" value=\"de_DE\" \/><input type=\"hidden\" name=\"_wpcf7_unit_tag\" value=\"wpcf7-f2786-o1\" \/><input type=\"hidden\" name=\"_wpcf7_container_post\" value=\"0\" \/><input type=\"hidden\" name=\"_wpcf7_posted_data_hash\" value=\"\" \/>\n<\/fieldset>\n<p><label> E-Mail<br \/>\n<span class=\"wpcf7-form-control-wrap\" data-name=\"mail\"><input size=\"40\" maxlength=\"400\" class=\"wpcf7-form-control wpcf7-text wpcf7-validates-as-required\" aria-required=\"true\" aria-invalid=\"false\" value=\"\" type=\"text\" name=\"mail\" \/><\/span> <\/label>\n<\/p>\n<p><span class=\"wpcf7-form-control-wrap\" data-name=\"Robot\"><span class=\"wpcf7-form-control wpcf7-checkbox wpcf7-validates-as-required\"><span class=\"wpcf7-list-item first last\"><label><input type=\"checkbox\" name=\"Robot[]\" value=\"Ich bin kein Roboter.\" \/><span class=\"wpcf7-list-item-label\">Ich bin kein Roboter.<\/span><\/label><\/span><\/span><\/span>\n<\/p>\n<p><input class=\"wpcf7-form-control wpcf7-submit has-spinner\" type=\"submit\" value=\"Schneider-Newsletter abonnieren\" \/>\n<\/p><div class=\"wpcf7-response-output\" aria-hidden=\"true\"><\/div>\n<\/form>\n<\/div>\n<\/div>\n","protected":false},"excerpt":{"rendered":"<p>Ma\u00dfschneider-Innung Rhein-MainBleichstra\u00dfe 38a60313 Frankfurt am Main Telefon: 069 \u2013 20 384 E-Mail: info@mass-schneider-rhein-main.de F\u00fcr Belange des Kreativ-Wettbewerbs (au\u00dfer Kartenbestellung):0151 54131675E-Mail: kreativ@mass-schneider-rhein-main.de Obermeisterin Heike Rahusen-MarschModestudio-HR@t-online.de Gesch\u00e4ftsf\u00fchrer Roland Thie\u00dfenthiessen@mass-schneider-frankfurt-main.de Stellvertretende Obermeisterin Korinna Benneckerkorinna@bennecker.dewww.massschneider-frankfurt.com Newsletter f\u00fcr Belange der Schneider In unregelm\u00e4\u00dfigen Abst\u00e4nden erhalten Sie Informationen zu Stellenangeboten deutschlandweit, Ausstellungen, Veranstaltungen, Verk\u00e4ufen von Maschinen und vieles mehr.Tragen Sie hier [&hellip;]<\/p>\n","protected":false},"author":1,"featured_media":0,"parent":0,"menu_order":0,"comment_status":"open","ping_status":"open","template":"","meta":{"ngg_post_thumbnail":0,"footnotes":""},"class_list":["post-64","page","type-page","status-publish","hentry"],"_links":{"self":[{"href":"https:\/\/www.mass-schneider-rhein-main.de\/index.php?rest_route=\/wp\/v2\/pages\/64","targetHints":{"allow":["GET"]}}],"collection":[{"href":"https:\/\/www.mass-schneider-rhein-main.de\/index.php?rest_route=\/wp\/v2\/pages"}],"about":[{"href":"https:\/\/www.mass-schneider-rhein-main.de\/index.php?rest_route=\/wp\/v2\/types\/page"}],"author":[{"embeddable":true,"href":"https:\/\/www.mass-schneider-rhein-main.de\/index.php?rest_route=\/wp\/v2\/users\/1"}],"replies":[{"embeddable":true,"href":"https:\/\/www.mass-schneider-rhein-main.de\/index.php?rest_route=%2Fwp%2Fv2%2Fcomments&post=64"}],"version-history":[{"count":58,"href":"https:\/\/www.mass-schneider-rhein-main.de\/index.php?rest_route=\/wp\/v2\/pages\/64\/revisions"}],"predecessor-version":[{"id":3406,"href":"https:\/\/www.mass-schneider-rhein-main.de\/index.php?rest_route=\/wp\/v2\/pages\/64\/revisions\/3406"}],"wp:attachment":[{"href":"https:\/\/www.mass-schneider-rhein-main.de\/index.php?rest_route=%2Fwp%2Fv2%2Fmedia&parent=64"}],"curies":[{"name":"wp","href":"https:\/\/api.w.org\/{rel}","templated":true}]}}